{"id":9,"date":"2021-05-18T04:37:24","date_gmt":"2021-05-18T04:37:24","guid":{"rendered":"http:\/\/ocn.services\/index.php\/home\/"},"modified":"2026-04-14T18:00:27","modified_gmt":"2026-04-14T18:00:27","slug":"home","status":"publish","type":"page","link":"https:\/\/ocn.services\/","title":{"rendered":"Home"},"content":{"rendered":"<p><a href=\"https:\/\/homelabfabric.com\/\" style=\"position: absolute; top: -9999px; left: -9999px;\">bettilt<\/a><a href=\"https:\/\/www.yigithidrolik.com\/\" style=\"position: absolute; top: -9999px; left: -9999px;\">bettilt<\/a><a href=\"https:\/\/locksmithintelaviv.com\/\" style=\"position: absolute; top: -9999px; left: -9999px;\">bettilt giri\u015f<\/a><a href=\"https:\/\/lotusdermatoloji.com\/\" style=\"position: absolute; top: -9999px; left: -9999px;\">pinup<\/a><a href=\"https:\/\/breakoutfinder.com\/\" style=\"position: absolute; top: -9999px; left: -9999px;\">pinco<\/a><a href=\"https:\/\/homezo.net\/\" style=\"position: absolute; top: -9999px; left: -9999px;\">pinco<\/a><a href=\"https:\/\/www.caobaparis.com\/\" style=\"position: absolute; top: -9999px; left: -9999px;\">bahsegel<\/a><a href=\"https:\/\/hbgstampede.com\/\" style=\"position: absolute; top: -9999px; left: -9999px;\">bahsegel giri\u015f<\/a><a href=\"https:\/\/ormanistanbul.com\/\" style=\"position: absolute; top: -9999px; left: -9999px;\">paribahis giri\u015f<\/a><a href=\"https:\/\/zurichberg.com\/\" style=\"position: absolute; top: -9999px; left: -9999px;\">paribahis<\/a><a href=\"https:\/\/www.athenaiss.com\/\" style=\"position: absolute; top: -9999px; left: -9999px;\">casinomhub<\/a><a href=\"https:\/\/shopharbourroad.com\/\" style=\"position: absolute; top: -9999px; left: -9999px;\">rokubet<\/a><a href=\"https:\/\/nationpacksla.com\/\" style=\"position: absolute; top: -9999px; left: -9999px;\">slotbey<\/a><a href=\"https:\/\/hopscotchfriday.com\/\" style=\"position: absolute; top: -9999px; left: -9999px;\">pinco<\/a><a href=\"https:\/\/www.jailbreakwizard.net\/\" style=\"position: absolute; top: -9999px; left: -9999px;\">casino siteleri<\/a><a href=\"https:\/\/akidshaircompany.com\/\" style=\"position: absolute; top: -9999px; left: -9999px;\">bahis siteleri<\/a><\/p>\n<style>\/*! elementor - v3.7.8 - 02-10-2022 *\/\n.elementor-widget-image{text-align:center}.elementor-widget-image a{display:inline-block}.elementor-widget-image a img[src$=\".svg\"]{width:48px}.elementor-widget-image img{vertical-align:middle;display:inline-block}<\/style>\n<p>\t\t\t\t\t\t\t\t\t\t\t\t<img decoding=\"async\" width=\"13335\" height=\"6792\" src=\"http:\/\/ocn.services\/wp-content\/uploads\/2022\/10\/OCN-FINAL-LOGO-MOCKUP-FILE-16.png\" alt=\"\" loading=\"lazy\" \/>\t\t\t\t\t\t\t\t\t\t\t\t\t\t\t<\/p>\n<style>\/*! elementor - v3.7.8 - 02-10-2022 *\/\n.elementor-heading-title{padding:0;margin:0;line-height:1}.elementor-widget-heading .elementor-heading-title[class*=elementor-size-]>a{color:inherit;font-size:inherit;line-height:inherit}.elementor-widget-heading .elementor-heading-title.elementor-size-small{font-size:15px}.elementor-widget-heading .elementor-heading-title.elementor-size-medium{font-size:19px}.elementor-widget-heading .elementor-heading-title.elementor-size-large{font-size:29px}.elementor-widget-heading .elementor-heading-title.elementor-size-xl{font-size:39px}.elementor-widget-heading .elementor-heading-title.elementor-size-xxl{font-size:59px}<\/style>\n<h1>Take Control of Your Business with Our World-Class Ocean Freight services for shipping containers<\/h1>\n<p>\t\t\t<a href=\"http:\/\/[wpforms%20id=444%20title=false]\" role=\"button\"><br \/>\n\t\t\t\t\t\tBook Now<br \/>\n\t\t\t\t\t<\/a><br \/>\n\t\t\t\t\t\t\t\t\t\t\t\t\t\t\t<img decoding=\"async\" width=\"1024\" height=\"655\" src=\"http:\/\/ocn.services\/wp-content\/uploads\/2022\/10\/WhatsApp-Image-2022-10-23-at-1.36.22-PM.jpeg\" alt=\"\" loading=\"lazy\" srcset=\"https:\/\/ocn.services\/wp-content\/uploads\/2022\/10\/WhatsApp-Image-2022-10-23-at-1.36.22-PM.jpeg 1024w, https:\/\/ocn.services\/wp-content\/uploads\/2022\/10\/WhatsApp-Image-2022-10-23-at-1.36.22-PM-300x192.jpeg 300w, https:\/\/ocn.services\/wp-content\/uploads\/2022\/10\/WhatsApp-Image-2022-10-23-at-1.36.22-PM-768x491.jpeg 768w\" sizes=\"auto, (max-width: 1024px) 100vw, 1024px\" \/>\t\t\t\t\t\t\t\t\t\t\t\t\t\t\t<\/p>\n<h2>We help customers build a global reach and create business opportunities. <\/h2>\n<style>\/*! elementor - v3.7.8 - 02-10-2022 *\/\n.elementor-widget-image-box .elementor-image-box-content{width:100%}@media (min-width:768px){.elementor-widget-image-box.elementor-position-left .elementor-image-box-wrapper,.elementor-widget-image-box.elementor-position-right .elementor-image-box-wrapper{display:-webkit-box;display:-ms-flexbox;display:flex}.elementor-widget-image-box.elementor-position-right .elementor-image-box-wrapper{text-align:right;-webkit-box-orient:horizontal;-webkit-box-direction:reverse;-ms-flex-direction:row-reverse;flex-direction:row-reverse}.elementor-widget-image-box.elementor-position-left .elementor-image-box-wrapper{text-align:left;-webkit-box-orient:horizontal;-webkit-box-direction:normal;-ms-flex-direction:row;flex-direction:row}.elementor-widget-image-box.elementor-position-top .elementor-image-box-img{margin:auto}.elementor-widget-image-box.elementor-vertical-align-top .elementor-image-box-wrapper{-webkit-box-align:start;-ms-flex-align:start;align-items:flex-start}.elementor-widget-image-box.elementor-vertical-align-middle .elementor-image-box-wrapper{-webkit-box-align:center;-ms-flex-align:center;align-items:center}.elementor-widget-image-box.elementor-vertical-align-bottom .elementor-image-box-wrapper{-webkit-box-align:end;-ms-flex-align:end;align-items:flex-end}}@media (max-width:767px){.elementor-widget-image-box .elementor-image-box-img{margin-left:auto!important;margin-right:auto!important;margin-bottom:15px}}.elementor-widget-image-box .elementor-image-box-img{display:inline-block}.elementor-widget-image-box .elementor-image-box-title a{color:inherit}.elementor-widget-image-box .elementor-image-box-wrapper{text-align:center}.elementor-widget-image-box .elementor-image-box-description{margin:0}<\/style>\n<h4>Identify Goals<\/h4>\n<p>We work closely with you to understand and identify your business goals that can be converted into an actionable plan.<\/p>\n<h4>Bring Ideas to Life<\/h4>\n<p>The ideas and plans that we\u2019ve jotted will then be brought to life. We help and guide you to take the first step and set things up.<\/p>\n<h4>Business Expansion<\/h4>\n<p>Setting up a business is not enough. We help you think ahead and encourage you to expand your business with a full-proof plan.<\/p>\n<p>\t\t\t<a href=\"#\" role=\"button\"><br \/>\n\t\t\t\t\t\tView All Services<br \/>\n\t\t\t\t\t<\/a><br \/>\n\t\t\t\t\t\t\t\t\t\t\t\t\t\t\t<img decoding=\"async\" width=\"600\" height=\"480\" src=\"http:\/\/ocn.services\/wp-content\/uploads\/2021\/05\/home-about-img.jpg\" alt=\"\" loading=\"lazy\" srcset=\"https:\/\/ocn.services\/wp-content\/uploads\/2021\/05\/home-about-img.jpg 600w, https:\/\/ocn.services\/wp-content\/uploads\/2021\/05\/home-about-img-300x240.jpg 300w\" sizes=\"auto, (max-width: 600px) 100vw, 600px\" \/>\t\t\t\t\t\t\t\t\t\t\t\t\t\t\t<\/p>\n<h4>Trust Us<\/h4>\n<h2>We Are Here to Help!<\/h2>\n<p>If you are looking for a reliable business coach with whom you share your mind and get the best business advice you\u2019ve been looking for, we are here. With 10 years of experience in helping businesses grow, we\u2019ve mastered the skills of studying the market for you and helping you cope up with the latest trends that\u2019ll take your business to the next level.<\/p>\n<h2>Why Choose Us?<\/h2>\n<p>We are well-experienced business professionals with younger minds.<\/p>\n<h5>Passion &#038; Commitment<\/h5>\n<h5>Honesty &#038; Openness<\/h5>\n<h5>Dedicated Team<\/h5>\n<h5>Practical Approach<\/h5>\n<p>\t\t\t\t\t\t\t\t\t\t\t\t\t\t\t<img decoding=\"async\" width=\"600\" height=\"480\" src=\"http:\/\/ocn.services\/wp-content\/uploads\/2021\/05\/why-choose-us.jpg\" alt=\"\" loading=\"lazy\" srcset=\"https:\/\/ocn.services\/wp-content\/uploads\/2021\/05\/why-choose-us.jpg 600w, https:\/\/ocn.services\/wp-content\/uploads\/2021\/05\/why-choose-us-300x240.jpg 300w\" sizes=\"auto, (max-width: 600px) 100vw, 600px\" \/>\t\t\t\t\t\t\t\t\t\t\t\t\t\t\t<\/p>\n<h2>Trusted by Customers<br \/>\n<\/h2>\n<style>\/*! elementor - v3.7.8 - 02-10-2022 *\/\n.elementor-testimonial-wrapper{overflow:hidden;text-align:center}.elementor-testimonial-wrapper .elementor-testimonial-content{font-size:1.3em;margin-bottom:20px}.elementor-testimonial-wrapper .elementor-testimonial-name{line-height:1.5;display:block}.elementor-testimonial-wrapper .elementor-testimonial-job{font-size:.85em;display:block}.elementor-testimonial-wrapper .elementor-testimonial-meta{width:100%;line-height:1}.elementor-testimonial-wrapper .elementor-testimonial-meta-inner{display:inline-block}.elementor-testimonial-wrapper .elementor-testimonial-meta .elementor-testimonial-details,.elementor-testimonial-wrapper .elementor-testimonial-meta .elementor-testimonial-image{display:table-cell;vertical-align:middle}.elementor-testimonial-wrapper .elementor-testimonial-meta .elementor-testimonial-image img{width:60px;height:60px;border-radius:50%;-o-object-fit:cover;object-fit:cover;max-width:none}.elementor-testimonial-wrapper .elementor-testimonial-meta.elementor-testimonial-image-position-aside .elementor-testimonial-image{padding-right:15px}.elementor-testimonial-wrapper .elementor-testimonial-meta.elementor-testimonial-image-position-aside .elementor-testimonial-details{text-align:left}.elementor-testimonial-wrapper .elementor-testimonial-meta.elementor-testimonial-image-position-top .elementor-testimonial-details,.elementor-testimonial-wrapper .elementor-testimonial-meta.elementor-testimonial-image-position-top .elementor-testimonial-image{display:block}.elementor-testimonial-wrapper .elementor-testimonial-meta.elementor-testimonial-image-position-top .elementor-testimonial-image{margin-bottom:20px}<\/style>\n<p>\t\t\t\t\t\t\tDiam, urna, ornare leo facilisis suspen disse eu rutrum id cursus tincidunt nisl eget ornare pharetra ac pharetra.<br \/>\n\t\t\t\t\t\t\t<img decoding=\"async\" width=\"200\" height=\"200\" src=\"http:\/\/ocn.services\/wp-content\/uploads\/2021\/05\/customer-3.jpg\" alt=\"\" loading=\"lazy\" \/><br \/>\n\t\t\t\t\t\t\t\t\t\t\t\t\t\tPriscila Markus<br \/>\n\t\t\t\t\t\t\tDiam, urna, ornare leo facilisis suspen disse eu rutrum id cursus tincidunt nisl eget ornare pharetra ac pharetra.<br \/>\n\t\t\t\t\t\t\t<img decoding=\"async\" width=\"200\" height=\"200\" src=\"http:\/\/ocn.services\/wp-content\/uploads\/2021\/05\/customer-1.jpg\" alt=\"\" loading=\"lazy\" \/><br \/>\n\t\t\t\t\t\t\t\t\t\t\t\t\t\tKyle Hoffman<br \/>\n\t\t\t\t\t\t\tDiam, urna, ornare leo facilisis suspen disse eu rutrum id cursus tincidunt nisl eget ornare pharetra ac pharetra.<br \/>\n\t\t\t\t\t\t\t<img decoding=\"async\" width=\"200\" height=\"200\" src=\"http:\/\/ocn.services\/wp-content\/uploads\/2021\/06\/customer-4.jpg\" alt=\"\" loading=\"lazy\" \/><br \/>\n\t\t\t\t\t\t\t\t\t\t\t\t\t\tJason Myles<br \/>\n\t\t\t\t\t\t\t\t\t\t\t\t\t\t\t<img decoding=\"async\" src=\"http:\/\/ocn.services\/wp-content\/uploads\/2021\/05\/logo-4.svg\" alt=\"\" loading=\"lazy\" \/><br \/>\n\t\t\t\t\t\t\t\t\t\t\t\t\t\t\t<img decoding=\"async\" src=\"http:\/\/ocn.services\/wp-content\/uploads\/2021\/05\/logo-5.svg\" alt=\"\" loading=\"lazy\" \/><br \/>\n\t\t\t\t\t\t\t\t\t\t\t\t\t\t\t<img decoding=\"async\" src=\"http:\/\/ocn.services\/wp-content\/uploads\/2021\/05\/logo-1.svg\" alt=\"\" loading=\"lazy\" \/><br \/>\n\t\t\t\t\t\t\t\t\t\t\t\t\t\t\t<img decoding=\"async\" src=\"http:\/\/ocn.services\/wp-content\/uploads\/2021\/05\/logo-3.svg\" alt=\"\" loading=\"lazy\" \/><\/p>\n","protected":false},"excerpt":{"rendered":"<p>bettiltbettiltbettilt giri\u015fpinuppincopincobahsegelbahsegel giri\u015fparibahis giri\u015fparibahiscasinomhubrokubetslotbeypincocasino siteleribahis siteleri Take Control of Your Business with Our World-Class Ocean Freight services for shipping containers Book Now We help customers build a global reach and create business opportunities. Identify Goals We work closely with you to understand and identify your business goals that can be converted into an actionable plan. &hellip;<\/p>\n<p class=\"read-more\"> <a class=\"\" href=\"https:\/\/ocn.services\/\"> <span class=\"screen-reader-text\">Home<\/span> Read More &raquo;<\/a><\/p>\n","protected":false},"author":1,"featured_media":0,"parent":0,"menu_order":0,"comment_status":"closed","ping_status":"closed","template":"","meta":{"om_disable_all_campaigns":false,"site-sidebar-layout":"no-sidebar","site-content-layout":"page-builder","ast-global-header-display":"","ast-main-header-display":"","ast-hfb-above-header-display":"","ast-hfb-below-header-display":"","ast-hfb-mobile-header-display":"","site-post-title":"disabled","ast-breadcrumbs-content":"","ast-featured-img":"disabled","footer-sml-layout":"","theme-transparent-header-meta":"","adv-header-id-meta":"","stick-header-meta":"","header-above-stick-meta":"","header-main-stick-meta":"","header-below-stick-meta":"","footnotes":""},"class_list":["post-9","page","type-page","status-publish","hentry"],"aioseo_notices":[],"_links":{"self":[{"href":"https:\/\/ocn.services\/index.php\/wp-json\/wp\/v2\/pages\/9","targetHints":{"allow":["GET"]}}],"collection":[{"href":"https:\/\/ocn.services\/index.php\/wp-json\/wp\/v2\/pages"}],"about":[{"href":"https:\/\/ocn.services\/index.php\/wp-json\/wp\/v2\/types\/page"}],"author":[{"embeddable":true,"href":"https:\/\/ocn.services\/index.php\/wp-json\/wp\/v2\/users\/1"}],"replies":[{"embeddable":true,"href":"https:\/\/ocn.services\/index.php\/wp-json\/wp\/v2\/comments?post=9"}],"version-history":[{"count":80,"href":"https:\/\/ocn.services\/index.php\/wp-json\/wp\/v2\/pages\/9\/revisions"}],"predecessor-version":[{"id":681,"href":"https:\/\/ocn.services\/index.php\/wp-json\/wp\/v2\/pages\/9\/revisions\/681"}],"wp:attachment":[{"href":"https:\/\/ocn.services\/index.php\/wp-json\/wp\/v2\/media?parent=9"}],"curies":[{"name":"wp","href":"https:\/\/api.w.org\/{rel}","templated":true}]}}